{"id":5884,"date":"2014-10-09T17:11:37","date_gmt":"2014-10-09T15:11:37","guid":{"rendered":"http:\/\/www.dgzlegal.pl\/dgz\/?page_id=5884"},"modified":"2015-11-13T09:23:36","modified_gmt":"2015-11-13T08:23:36","slug":"direito-administrativo","status":"publish","type":"page","link":"https:\/\/www.gz.legal\/po\/direito-administrativo\/","title":{"rendered":"Direito administrativo"},"content":{"rendered":"<p><strong>DIREITO ADMINISTRATIVO<\/strong><\/p>\n<ul>\n<li>prepara\u00e7\u00e3o de documentos dirigidos aos \u00f3rg\u00e3os da administra\u00e7\u00e3o p\u00fablica;<\/li>\n<li>representa\u00e7\u00e3o em procedimentos administrativos;<\/li>\n<li>representa\u00e7\u00e3o em procedimentos administrativo-judiciais (perante o Tribunal Regional Administrativo e Tribunal Nacional Administrativo).<\/li>\n<\/ul>\n","protected":false},"excerpt":{"rendered":"<p>DIREITO ADMINISTRATIVO prepara\u00e7\u00e3o de documentos dirigidos aos \u00f3rg\u00e3os da administra\u00e7\u00e3o p\u00fablica; representa\u00e7\u00e3o em procedimentos administrativos; representa\u00e7\u00e3o em procedimentos administrativo-judiciais (perante o Tribunal Regional Administrativo e Tribunal Nacional Administrativo).<\/p>\n","protected":false},"author":1,"featured_media":0,"parent":0,"menu_order":0,"comment_status":"closed","ping_status":"closed","template":"","meta":{"footnotes":""},"class_list":["post-5884","page","type-page","status-publish","hentry"],"_links":{"self":[{"href":"https:\/\/www.gz.legal\/po\/wp-json\/wp\/v2\/pages\/5884","targetHints":{"allow":["GET"]}}],"collection":[{"href":"https:\/\/www.gz.legal\/po\/wp-json\/wp\/v2\/pages"}],"about":[{"href":"https:\/\/www.gz.legal\/po\/wp-json\/wp\/v2\/types\/page"}],"author":[{"embeddable":true,"href":"https:\/\/www.gz.legal\/po\/wp-json\/wp\/v2\/users\/1"}],"replies":[{"embeddable":true,"href":"https:\/\/www.gz.legal\/po\/wp-json\/wp\/v2\/comments?post=5884"}],"version-history":[{"count":2,"href":"https:\/\/www.gz.legal\/po\/wp-json\/wp\/v2\/pages\/5884\/revisions"}],"predecessor-version":[{"id":6238,"href":"https:\/\/www.gz.legal\/po\/wp-json\/wp\/v2\/pages\/5884\/revisions\/6238"}],"wp:attachment":[{"href":"https:\/\/www.gz.legal\/po\/wp-json\/wp\/v2\/media?parent=5884"}],"curies":[{"name":"wp","href":"https:\/\/api.w.org\/{rel}","templated":true}]}}