{"id":5997,"date":"2014-10-29T14:20:19","date_gmt":"2014-10-29T13:20:19","guid":{"rendered":"http:\/\/www.dgzlegal.pl\/dgz\/?page_id=5997"},"modified":"2015-11-08T10:37:45","modified_gmt":"2015-11-08T09:37:45","slug":"zivilrecht","status":"publish","type":"page","link":"https:\/\/www.gz.legal\/de\/zivilrecht\/","title":{"rendered":"Zivilrecht"},"content":{"rendered":"<ul>\n<li style=\"text-align: justify;\">Rechtsberatung und Vertretung in Verfahren auf dem Gebiet des Sachenrechts, Familien- und Erbrechts, darunter unter anderem die Feststellung von Erbanspr\u00fcchen, Erbschaftsteilung, Aufhebung von Miteigentum, Scheidungsf\u00e4lle, Angelegenheiten \u00fcber die Aufteilung des gemeinsamen Verm\u00f6gens.<\/li>\n<\/ul>\n<ul>\n<li style=\"text-align: justify;\">Rechtsberatung und Vertretung in Verfahren bez\u00fcglich des Schutzes der Pers\u00f6nlichkeitsrechte;<\/li>\n<\/ul>\n<br \/>\n<ul>\n<li>Rechtshilfe in Schadenersatz- und Entsch\u00e4digungsverfahren;<\/li>\n<\/ul>\n<br \/>\n<ul>\n<li>Rechtsberatung im Bereich des Konsumentenschutzes;<\/li>\n<\/ul>\n<br \/>\n<ul>\n<li>Rechtsdienstleistungen im Bereich der Forderungsr\u00fcckgewinnung;<\/li>\n<\/ul>\n<br \/>\n<ul>\n<li>Erstellung von Rechtsgutachten.<\/li>\n<\/ul>\n","protected":false},"excerpt":{"rendered":"<p>Rechtsberatung und Vertretung in Verfahren auf dem Gebiet des Sachenrechts, Familien- und Erbrechts, darunter unter anderem die Feststellung von Erbanspr\u00fcchen, Erbschaftsteilung, Aufhebung von Miteigentum, Scheidungsf\u00e4lle, Angelegenheiten \u00fcber die Aufteilung des gemeinsamen Verm\u00f6gens. Rechtsberatung und Vertretung in Verfahren bez\u00fcglich des Schutzes der Pers\u00f6nlichkeitsrechte; Rechtshilfe in Schadenersatz- und Entsch\u00e4digungsverfahren; Rechtsberatung im Bereich des Konsumentenschutzes; Rechtsdienstleistungen im Bereich&#8230;<\/p>\n","protected":false},"author":1,"featured_media":0,"parent":0,"menu_order":0,"comment_status":"closed","ping_status":"closed","template":"","meta":{"footnotes":""},"class_list":["post-5997","page","type-page","status-publish","hentry"],"_links":{"self":[{"href":"https:\/\/www.gz.legal\/de\/wp-json\/wp\/v2\/pages\/5997","targetHints":{"allow":["GET"]}}],"collection":[{"href":"https:\/\/www.gz.legal\/de\/wp-json\/wp\/v2\/pages"}],"about":[{"href":"https:\/\/www.gz.legal\/de\/wp-json\/wp\/v2\/types\/page"}],"author":[{"embeddable":true,"href":"https:\/\/www.gz.legal\/de\/wp-json\/wp\/v2\/users\/1"}],"replies":[{"embeddable":true,"href":"https:\/\/www.gz.legal\/de\/wp-json\/wp\/v2\/comments?post=5997"}],"version-history":[{"count":3,"href":"https:\/\/www.gz.legal\/de\/wp-json\/wp\/v2\/pages\/5997\/revisions"}],"predecessor-version":[{"id":6232,"href":"https:\/\/www.gz.legal\/de\/wp-json\/wp\/v2\/pages\/5997\/revisions\/6232"}],"wp:attachment":[{"href":"https:\/\/www.gz.legal\/de\/wp-json\/wp\/v2\/media?parent=5997"}],"curies":[{"name":"wp","href":"https:\/\/api.w.org\/{rel}","templated":true}]}}