{"id":5850,"date":"2014-10-02T22:57:57","date_gmt":"2014-10-02T20:57:57","guid":{"rendered":"http:\/\/www.dgzlegal.pl\/dgz\/?page_id=5850"},"modified":"2015-11-08T12:04:55","modified_gmt":"2015-11-08T11:04:55","slug":"karriere","status":"publish","type":"page","link":"https:\/\/www.gz.legal\/de\/karriere\/","title":{"rendered":"Karriere"},"content":{"rendered":"<p align=\"justify\">Die Dawidowicz Grochowski Zurawski Anwaltskanzlei \u00a0PartG bietet all jenen Mitarbeitern berufliche Entwicklungsm\u00f6glichkeiten, die Erfahrungen und praktische F\u00e4higkeiten sammeln m\u00f6chten. Derzeit sind wir auf der Suchen nach einer Kandidatin\/einen Kandidaten f\u00fcr die Position:<\/p>\n<p><strong>Rechtsanwaltsanw\u00e4rter\/in <\/strong><\/p>\n<p>Wir erwarten:<br \/>\n\u0336  MS Word, MS Excel, MS Power Point, MS Outlook Kenntnisse<br \/>\n\u0336  Fertigkeiten im Umgang mit B\u00fcroger\u00e4ten<br \/>\n\u0336  Bereitschaft, Rechtskenntnisse und Berufserfahrung zu erwerben<br \/>\n\u0336  Juristische Leidenschaft und Einsatzwillen bei der Aufgabenerf\u00fcllung<br \/>\n\u0336  Kenntnis einer der folgenden Fremdsprachen:<br \/>\nEnglisch, Italienisch, Spanisch, Portugiesisch, Deutsch oder Franz\u00f6sisch<br \/>\n\u0336  Unbescholtenheit (straf- und disziplinarrechtlich) <\/p>\n<p>Wir bieten:<br \/>\n\u0336  M\u00f6glichkeiten, um Berufserfahrungen zu sammeln<br \/>\n\u0336  M\u00f6glichkeiten zur beruflichen Weiterentwicklung w\u00e4hrend und nach Abschluss des Praktikums<br \/>\n\u0336  \u00dcbernahme des Patronats w\u00e4hrende des Praktikums m\u00f6glich<\/p>\n<p align=\"justify\">Interessierte bitten wir um Zusendung ihres Lebenslaufs mit Foto und einer Erkl\u00e4rung \u00fcber die Einwilligung in die Verarbeitung personenbezogener Daten in dem f\u00fcr die Anwerbung erforderlichen Ausma\u00df an die E-Mail Adresse kariera@gz.legal mit dem Vermerk \u201eRechtsanwaltsanw\u00e4rter\/in\u201c.<\/p>\n<p align=\"justify\"><strong>Rechtsberater-Anw\u00e4rter\/in<br \/>\n<\/strong>i<\/p>\n<p>Wir erwarten:<br \/>\n  bestandene Pr\u00fcfung zum Rechtsberater-Anw\u00e4rter<br \/>\n\u0336  MS Word, MS Excel, MS Power Point, MS Outlook Kenntnisse<br \/>\n\u0336  Fertigkeiten im Umgang mit B\u00fcroger\u00e4ten<br \/>\n\u0336  Bereitschaft, Rechtskenntnisse und Berufserfahrung zu erwerben<br \/>\n\u0336  Juristische Leidenschaft und Einsatzwillen bei der Aufgabenerf\u00fcllung<br \/>\n\u0336  Kenntnis einer der folgenden Fremdsprachen:<br \/>\nEnglisch, Italienisch, Spanisch, Portugiesisch, Deutsch oder Franz\u00f6sisch<br \/>\n\u0336  Unbescholtenheit (straf- und disziplinarrechtlich) <\/p>\n<p>Wir bieten:<br \/>\n\u0336  Arbeit in einem jungen und dynamischen Mitarbeiterteam<br \/>\n\u0336  M\u00f6glichkeiten, um Berufserfahrungen zu sammeln<br \/>\n\u0336  M\u00f6glichkeiten zur beruflichen Weiterentwicklung w\u00e4hrend und nach Abschluss des Praktikums<br \/>\n\u0336  \u00dcbernahme des Patronats w\u00e4hrende des Praktikums m\u00f6glich<\/p>\n<p align=\"justify\">Interessierte bitten wir um Zusendung ihres Lebenslaufs mit Foto und einer Erkl\u00e4rung \u00fcber die Einwilligung in die Verarbeitung personenbezogener Daten in dem f\u00fcr die Anwerbung erforderlichen Ausma\u00df an die E-Mail Adresse kariera@gz.legal mit dem Vermerk \u201eRechtsberater-Anw\u00e4rter\/in\u201c.   <\/p>\n<p align=\"justify\">\n","protected":false},"excerpt":{"rendered":"<p>Die Dawidowicz Grochowski Zurawski Anwaltskanzlei \u00a0PartG bietet all jenen Mitarbeitern berufliche Entwicklungsm\u00f6glichkeiten, die Erfahrungen und praktische F\u00e4higkeiten sammeln m\u00f6chten. Derzeit sind wir auf der Suchen nach einer Kandidatin\/einen Kandidaten f\u00fcr die Position: Rechtsanwaltsanw\u00e4rter\/in Wir erwarten: \u0336 MS Word, MS Excel, MS Power Point, MS Outlook Kenntnisse \u0336 Fertigkeiten im Umgang mit B\u00fcroger\u00e4ten \u0336 Bereitschaft, Rechtskenntnisse&#8230;<\/p>\n","protected":false},"author":1,"featured_media":0,"parent":0,"menu_order":0,"comment_status":"open","ping_status":"open","template":"","meta":{"footnotes":""},"class_list":["post-5850","page","type-page","status-publish","hentry"],"_links":{"self":[{"href":"https:\/\/www.gz.legal\/de\/wp-json\/wp\/v2\/pages\/5850","targetHints":{"allow":["GET"]}}],"collection":[{"href":"https:\/\/www.gz.legal\/de\/wp-json\/wp\/v2\/pages"}],"about":[{"href":"https:\/\/www.gz.legal\/de\/wp-json\/wp\/v2\/types\/page"}],"author":[{"embeddable":true,"href":"https:\/\/www.gz.legal\/de\/wp-json\/wp\/v2\/users\/1"}],"replies":[{"embeddable":true,"href":"https:\/\/www.gz.legal\/de\/wp-json\/wp\/v2\/comments?post=5850"}],"version-history":[{"count":3,"href":"https:\/\/www.gz.legal\/de\/wp-json\/wp\/v2\/pages\/5850\/revisions"}],"predecessor-version":[{"id":6250,"href":"https:\/\/www.gz.legal\/de\/wp-json\/wp\/v2\/pages\/5850\/revisions\/6250"}],"wp:attachment":[{"href":"https:\/\/www.gz.legal\/de\/wp-json\/wp\/v2\/media?parent=5850"}],"curies":[{"name":"wp","href":"https:\/\/api.w.org\/{rel}","templated":true}]}}