{"id":6069,"date":"2014-10-31T17:01:48","date_gmt":"2014-10-31T16:01:48","guid":{"rendered":"http:\/\/www.dgzlegal.pl\/dgz\/?page_id=6069"},"modified":"2015-11-14T19:24:13","modified_gmt":"2015-11-14T18:24:13","slug":"eventos","status":"publish","type":"page","link":"http:\/\/www.gz.legal\/po\/eventos\/","title":{"rendered":"Eventos"},"content":{"rendered":"<p><strong>Konferencja firm transportowych \u2013 Transport Manager Meeting<\/strong><\/p>\n<p style=\"text-align: justify;\">Kolejna konferencja z cyklu\u00a0Transport Manager Meeting odby\u0142a si\u0119 Poznaniu. Mec. Andrzej \u017burawski razem z mec. Lucyn\u0105 \u0141uczak Noworolnik z Pozna\u0144skiego Instytutu Logistyki i Magazynowania\u00a0omawiali prawne aspekty\u00a0windykacji mi\u0119dzynarodowej oraz najnowsze, elektroniczne metody pozwalaj\u0105ce na dochodzenie nale\u017cno\u015bci od d\u0142u\u017cnik\u00f3w za granic\u0105.<\/p>\n<p><em>Novotel Hotel, Pozna\u0144, 22.10.2015<\/em><\/p>\n<p><a href=\"http:\/\/www.gz.legal\/wp-content\/uploads\/2014\/10\/transport-manager-meeting_22.10.2015.jpg\" target=\"_blank\"><img loading=\"lazy\" decoding=\"async\" class=\"  wp-image-6291 alignleft\" src=\"http:\/\/www.gz.legal\/wp-content\/uploads\/2014\/10\/transport-manager-meeting_22.10.2015.jpg\" alt=\"\" width=\"465\" height=\"311\" \/><\/a><\/p>\n<br \/>\n<br \/>\n<br \/>\n<br \/>\n<br \/>\n<br \/>\n<br \/>\n<br \/>\n<hr \/>\n<p><strong>Szkolenie dla radc\u00f3w prawnych\u00a0z zakresu mi\u0119dzynarodowych post\u0119powa\u0144 s\u0105dowych, 22<\/strong><b>.10.2015r.<\/b><\/p>\n<p style=\"text-align: justify;\">W dniu 22.10.2015r. nasza kancelaria (na zdj\u0119ciu adwokat Andrzej \u017burawski)\u00a0kolejny ju\u017c raz mia\u0142a okazj\u0119 spotka\u0107 si\u0119 z\u00a0radcami prawnymi zrzeszonymi w Okr\u0119gowej Izbie Radc\u00f3w Prawnych\u00a0w\u00a0Poznaniu\u00a0na szkoleniu z\u00a0zakresu s\u0105dowych\u00a0<strong>post\u0119powa\u0144 mi\u0119dzynarodowych<\/strong>, <strong>jurysdykcji<\/strong>, <strong>w\u0142a\u015bciwo\u015bci prawa<\/strong> i innych kwestii powi\u0105zanych z transgranicznymi transakcjami.<\/p>\n<p style=\"text-align: justify;\"><em>Instytut Logistyki I Magazynowania, Pozna\u0144, 22.10.2015r.<\/em><\/p>\n<p style=\"text-align: justify;\"><a href=\"http:\/\/www.gz.legal\/wp-content\/uploads\/2014\/10\/zagraniczne-postepowania-sadowe_22.10.2015.jpg\" target=\"_blank\"><img loading=\"lazy\" decoding=\"async\" class=\"  wp-image-6288 alignleft\" src=\"http:\/\/www.gz.legal\/wp-content\/uploads\/2014\/10\/zagraniczne-postepowania-sadowe_22.10.2015.jpg\" alt=\"zagraniczne postepowania sadowe_22.10.2015\" width=\"463\" height=\"278\" \/><\/a><\/p>\n<hr \/>\n<p style=\"text-align: justify;\"><strong>Szkolenie 13.10.2015r.<\/strong><\/p>\n<p style=\"text-align: justify;\">W dniu 13.10.2015r. parter w naszej kancelarii &#8211; adwokat Andrzej \u017burawski przeprowadzi\u0142 dla przedsi\u0119biorc\u00f3w zrzeszonych w\u00a0Wielkopolskiej Izbie Przemys\u0142owo-Handlowej szkolenie\u00a0z\u00a0zakresu <strong>mi\u0119dzynarodowej windykacji\u00a0<\/strong>oraz problematyki <strong>w\u0142a\u015bciwo\u015bci prawa i\u00a0jurysdykcji\u00a0s\u0105du<\/strong>\u00a0w sporach mi\u0119dzynarodowych<\/p>\n<p><em>Wielkopolska Izba Przemys\u0142owo-Handlowa, Pozna\u0144 13.10.2015r.<\/em><\/p>\n<p><a href=\"http:\/\/www.gz.legal\/wp-content\/uploads\/2014\/10\/szkolenie-prawo-mi\u0119dzynarodowe-Andrzej-\u017burawski_13.10.2015.jpg\"><img loading=\"lazy\" decoding=\"async\" class=\"  wp-image-6278 alignleft\" src=\"http:\/\/www.gz.legal\/wp-content\/uploads\/2014\/10\/szkolenie-prawo-mi\u0119dzynarodowe-Andrzej-\u017burawski_13.10.2015.jpg\" alt=\"szkolenie prawo mi\u0119dzynarodowe Andrzej \u017burawski_13.10.2015\" width=\"461\" height=\"277\" \/><\/a><\/p>\n<br \/>\n<br \/>\n<br \/>\n<br \/>\n<br \/>\n<br \/>\n<hr \/>\n<p><strong>I Kongres portalu\u00a0Forum Hurtowe &#8211; 24.09.2015\u00a0<\/strong><\/p>\n<p style=\"text-align: justify;\">W dniu 24.09.2015 partner w\u00a0naszej kancelarii &#8211; Andrzej\u00a0\u017burawski\u00a0uczestniczy\u0142 w kongresie na temat <strong>handlu\u00a0zagranicznego<\/strong> i prezentowa\u0142 instrumenty pozwalaj\u0105ce na zwi\u0119kszenie bezpiecze\u0144stwa w transakcjach mi\u0119dzynarodowych\u00a0oraz przybli\u017cy\u0142 uczestnikom\u00a0instytucje europejskie usprawniaj\u0105ce windykacj\u0119 zagraniczn\u0105.<\/p>\n<p><em>Pa\u0142ac Jedlinka, Jedlina Zdr\u00f3j, 24.09.2015<\/em><\/p>\n<p><a href=\"http:\/\/www.gz.legal\/wp-content\/uploads\/2014\/10\/forum-hurtowe-kongres-Andrzej-\u017burawski_24.09.15.jpg\"><img loading=\"lazy\" decoding=\"async\" class=\"  wp-image-6284 alignleft\" src=\"http:\/\/www.gz.legal\/wp-content\/uploads\/2014\/10\/forum-hurtowe-kongres-Andrzej-\u017burawski_24.09.15.jpg\" alt=\"forum hurtowe kongres Andrzej \u017burawski_24.09.15\" width=\"441\" height=\"294\" \/><\/a><\/p>\n<br \/>\n<br \/>\n<br \/>\n<br \/>\n<br \/>\n<br \/>\n<br \/>\n<hr \/>\n<br \/>\n<p><strong>Konferencja firm transportowych &#8211; Transport Manager Meeting<\/strong><\/p>\n<p style=\"text-align: justify;\">Nast\u0119pna\u00a0konferencja z cyklu\u00a0Transport Manager Meeting ju\u017c za nami.\u00a0Po raz kolejny partner w naszej kancelarii &#8211; adwokat Andrzej \u017burawski\u00a0mia\u0142 okazj\u0119\u00a0prezentowa\u0107 praktyczne\u00a0sposoby rozwi\u0105zywania problem\u00f3w\u00a0stoj\u0105cych przed firmami transportowymi.<\/p>\n<p style=\"text-align: justify;\"><em>Novotel Hotel, Wroc\u0142aw, 10.09.2015<\/em><\/p>\n<p style=\"text-align: justify;\"><a href=\"http:\/\/www.gz.legal\/wp-content\/uploads\/2014\/10\/adwokat_prawo_mi\u0119dzynarodowe.jpg\" target=\"_blank\"><img loading=\"lazy\" decoding=\"async\" class=\"  wp-image-6271 alignleft\" src=\"http:\/\/www.gz.legal\/wp-content\/uploads\/2014\/10\/adwokat_prawo_mi\u0119dzynarodowe.jpg\" alt=\"adwokat_prawo_mi\u0119dzynarodowe\" width=\"352\" height=\"526\" \/><\/a><\/p>\n<br \/>\n<br \/>\n<br \/>\n<br \/>\n<br \/>\n<br \/>\n<br \/>\n<br \/>\n<br \/>\n<br \/>\n<br \/>\n<br \/>\n<br \/>\n<br \/>\n<hr \/>\n<p><strong>Szkolenie 30.06.2015r.<\/strong><\/p>\n<p style=\"text-align: justify;\">W dniu 30.06.2015\u00a0parter w naszej kancelarii &#8211; adwokat Andrzej \u017burawski przeprowadzi\u0142\u00a0w Kielcach\u00a0szkolenie dla przedsi\u0119biorc\u00f3w zrzeszonych w \u00a0\u015awi\u0119tokrzyskiej Izbie Przemyslowo-Handlowej w Kielcach na temat <strong>s\u0105dowej i pozas\u0105dowej windykacji od d\u0142u\u017cnik\u00f3w <\/strong>z innych\u00a0pa\u0144stw UE.<\/p>\n<p style=\"text-align: justify;\"><em>\u015awi\u0119tokrzyska Izba Handlowa, Kielce, 30.06.2015<\/em><\/p>\n<p><img loading=\"lazy\" decoding=\"async\" class=\"  wp-image-6272 alignleft\" src=\"http:\/\/www.gz.legal\/wp-content\/uploads\/2014\/10\/egzekucja-mi\u0119dzynarodowa_30.06.2015.jpg\" alt=\"egzekucja mi\u0119dzynarodowa_30.06.2015\" width=\"453\" height=\"272\" \/><a href=\"http:\/\/www.handelzagranica.pl\/wp-content\/uploads\/2015\/03\/egzekucja-mi\u0119dzynarodowa_30.06.2015.jpg\"><br \/>\n<\/a><\/p>\n<br \/>\n<br \/>\n<br \/>\n<br \/>\n<br \/>\n<br \/>\n<hr \/>\n<br \/>\n<p><strong>Konferencja firm transportowych &#8211; Transport Manager Meeting\u00a0<\/strong><\/p>\n<p style=\"text-align: justify;\">W dniu 25.06.2015r.\u00a0partner w naszej kancelarii &#8211; adwokat Andrzej \u017burawski\u00a0wzi\u0105\u0142\u00a0udzia\u0142\u00a0 w konferencji Transport Manager Meeting, na kt\u00f3rej poruszane by\u0142y kwestie praktycznych\u00a0sposob\u00f3w rozwi\u0105zywania problem\u00f3w\u00a0stoj\u0105cych przed firmami transportowymi.<\/p>\n<p style=\"text-align: justify;\"><em>Novotel Hotel, Warszawa, 25.06.2015<\/em><\/p>\n<p style=\"text-align: justify;\"><a href=\"http:\/\/www.gz.legal\/wp-content\/uploads\/2014\/10\/szkolenie-prawne-transport.jpg\" target=\"_blank\"><img loading=\"lazy\" decoding=\"async\" class=\"  wp-image-6270 alignleft\" src=\"http:\/\/www.gz.legal\/wp-content\/uploads\/2014\/10\/szkolenie-prawne-transport.jpg\" alt=\"szkolenie prawne transport\" width=\"473\" height=\"327\" \/><br \/>\n<\/a><\/p>\n<hr \/>\n<p><a href=\"http:\/\/www.gz.legal\/wp-content\/uploads\/2014\/10\/szkolenie-prawne-dla-firm-transportowych.jpg\"><img loading=\"lazy\" decoding=\"async\" class=\"aligncenter  wp-image-6242\" src=\"http:\/\/www.gz.legal\/wp-content\/uploads\/2014\/10\/szkolenie-prawne-dla-firm-transportowych.jpg\" alt=\"szkolenie prawne dla firm transportowych\" width=\"664\" height=\"420\" \/><\/a><\/p>\n<p style=\"text-align: justify;\">W dniu 25 czerwca 2015 roku\u00a0w Warszawie (Hotel Novotel Airport, ul. 1 sierpnia 1)\u00a0odb\u0119dzie si\u0119 konferencja\u00a0transportowa z cyklu\u00a0&#8222;<strong>Transport Menager Meeting<\/strong>&#8221; kt\u00f3rej przedmiotem b\u0119d\u0105\u00a0praktyczne aspekty zarz\u0105dzania transportem,\u00a0organizowana przez czasopismo Transport Menager pod honorowym patronatem Ministerstwa Gospodarki.<\/p>\n<p style=\"text-align: justify;\">Adwokat Andrzej \u017burawski &#8211; partner w\u00a0naszej kancelarii b\u0119dzie \u00a0mia\u0142 przyjemno\u015b\u0107 wyg\u0142osi\u0107 na konferencji prelekcj\u0119, kt\u00f3rej przedmiotem\u00a0b\u0119dzie\u00a0<strong>windykacja\u00a0mi\u0119dzynarodowa<\/strong> w pa\u0144stwach Unii Europejskiej przy wykorzystaniu procedur unijnych.\u00a0Instytucje jakie b\u0119d\u0105 omawiane to:\u00a0Europejski nakaz zap\u0142aty, Europejskie post\u0119powanie w sprawie drobnych roszcze\u0144 oraz Europejski tytu\u0142 egzekucyjny.<\/p>\n<p style=\"text-align: justify;\">Wystarczy wype\u0142ni\u0107 formularz &#8211;\u00a0&#8222;<a href=\"http:\/\/www.gz.legal\/wp-content\/uploads\/2014\/10\/szkolenie-prawne-dla-firm-transportowych.pdf\" target=\"_blank\"><span style=\"color: #333399;\"><span style=\"color: #0000ff;\"><span style=\"color: #333399;\"><span style=\"color: #3366ff;\"><span style=\"color: #666699;\"><span style=\"color: #ff0000;\"><span style=\"color: #333399;\"><span style=\"color: #3366ff;\">szkolenie prawne dla firm transportowych<\/span><\/span><\/span><\/span><\/span><\/span><\/span><\/span><\/a>&#8221; i wys\u0142a\u0107\u00a0 go do organizatora.<\/p>\n<p>Wi\u0119cej informacji na stronie organizatora &#8211; <a href=\"http:\/\/www.transport-manager.pl\/\" target=\"_blank\"><span style=\"text-decoration: underline;\"><span style=\"color: #0066cc;\">Transport Manager.<\/span><\/span><\/a><\/p>\n<hr \/>\n<p style=\"text-align: justify;\"><strong>Szkolenie dla mediator\u00f3w\u00a020.05.2015r.<\/strong><\/p>\n<p style=\"text-align: justify;\">W dniu 20.05.2015r. partner\u00a0\u00a0naszej Kancelarii &#8211; adwokat Andrzej \u017burawski\u00a0przeprowadzi\u0142 w\u00a0Poznaniu\u00a0szkolenie dla\u00a0mediator\u00f3w na\u00a0temat\u00a0transgranicznych\u00a0spor\u00f3w gospodarczych i metod ich rozwi\u0105zywania ze szczeg\u00f3lnym uwzgl\u0119dnieniem \u00a0<strong>mi\u0119dzynarodowych mediacji gospodarczych. <\/strong><\/p>\n<p><em>Pozna\u0144,\u00a0 20.05.2015<\/em><\/p>\n<p><a href=\"http:\/\/www.gz.legal\/wp-content\/uploads\/2014\/10\/mediacje-gospodarcze-Andrzej-\u017burawski.jpg\" target=\"_blank\"><img loading=\"lazy\" decoding=\"async\" class=\"  wp-image-6237 alignleft\" src=\"http:\/\/www.gz.legal\/wp-content\/uploads\/2014\/10\/mediacje-gospodarcze-Andrzej-\u017burawski.jpg\" alt=\"mediacje gospodarcze Andrzej \u017burawski\" width=\"448\" height=\"269\" \/><br \/>\n<\/a><\/p>\n<br \/>\n<br \/>\n<br \/>\n<br \/>\n<br \/>\n<br \/>\n<hr \/>\n<p><strong>Szkolenie dla radc\u00f3w prawnych\u00a014.05.2015r.<\/strong><\/p>\n<p style=\"text-align: justify;\">W dniu 14.05.2015r.\u00a0partner w naszej\u00a0kancelarii &#8211;\u00a0adwokat Andrzej \u017burawski\u00a0przeprowadzi\u0142\u00a0w Gorzowie Wielkopolskim\u00a0szkolenie dla\u00a0radc\u00f3w prawnych zrzeszonych w Okr\u0119gowej Izbie Radc\u00f3w Prawnych\u00a0w\u00a0Zielonej G\u00f3rze\u00a0\u00a0na\u00a0temat\u00a0prawnych aspekt\u00f3w\u00a0<strong>mi\u0119dzynarodowej windykacji\u00a0<\/strong>s\u0105dowej i pozas\u0105dowej.<\/p>\n<p><em>Okr\u0119gowa Izba Radc\u00f3w Prawnych, Gorz\u00f3w\u00a0Wielkopolski, 14.05.2015<\/em><\/p>\n<p><a href=\"http:\/\/www.gz.legal\/wp-content\/uploads\/2014\/10\/windykacja-zagraniczna-szkolenie-andrzej-\u017curawski-14-05-2015.jpg\" target=\"_blank\"><img loading=\"lazy\" decoding=\"async\" class=\"  wp-image-6238 alignleft\" src=\"http:\/\/www.gz.legal\/wp-content\/uploads\/2014\/10\/windykacja-zagraniczna-szkolenie-andrzej-\u017curawski-14-05-2015.jpg\" alt=\"windykacja zagraniczna szkolenie andrzej \u017curawski 14 05 2015\" width=\"446\" height=\"266\" \/><\/a><strong><br \/>\n<\/strong><\/p>\n<br \/>\n<hr \/>\n<p><strong>Szkolenie 07.05.2015r.<\/strong><\/p>\n<p style=\"text-align: justify;\">W dniu 07.05.2015r. partner w naszej\u00a0Kancelarii &#8211; adwokat Andrzej \u017burawski\u00a0\u00a0przeprowadzi\u0142 szkolenie dla\u00a0radc\u00f3w prawnych zrzeszonych w Okr\u0119gowej Izbie Radc\u00f3w Prawnych\u00a0w\u00a0Zielonej G\u00f3rze\u00a0na\u00a0temat\u00a0prawnych aspekt\u00f3w\u00a0<strong>mi\u0119dzynarodowej windykacji\u00a0<\/strong>s\u0105dowej i pozas\u0105dowej.<\/p>\n<p><em>Okr\u0119gowa Izba Radc\u00f3w Prawnych w Zielonej G\u00f3rze, 07.05.2015<\/em><\/p>\n<p><a href=\"http:\/\/www.gz.legal\/wp-content\/uploads\/2014\/10\/europejski-nakaz-zabezpieczenia-na-rachunku-bankowym-Andrzej-\u017burawski.jpg\" target=\"_blank\"><img loading=\"lazy\" decoding=\"async\" class=\"  wp-image-6235 alignleft\" src=\"http:\/\/www.gz.legal\/wp-content\/uploads\/2014\/10\/europejski-nakaz-zabezpieczenia-na-rachunku-bankowym-Andrzej-\u017burawski.jpg\" alt=\"europejski nakaz zabezpieczenia na rachunku bankowym Andrzej  \u017burawski\" width=\"448\" height=\"269\" \/><\/a><a href=\"http:\/\/www.gz.legal\/wp-content\/uploads\/2014\/10\/windykacja-zagraniczna-szkolenie-andrzej-\u017curawski-14-05-2015.jpg\"><br \/>\n<\/a><\/p>\n<br \/>\n<hr \/>\n<p><strong>Konferencja e-administracja dla biznesu 2015<\/strong><\/p>\n<p style=\"text-align: justify;\">W dniu 15.04.2015 partner w\u00a0Kancelarii &#8211;\u00a0adwokat Andrzej \u017burawski uczestniczy\u0142 w debacie na temat aktualnie funkcjonuj\u0105cych oraz\u00a0oczekiwanych przez\u00a0biznes w przysz\u0142o\u015bci,\u00a0unijnych\u00a0instytucji,\u00a0efektywnych rozwi\u0105za\u0144, kt\u00f3re\u00a0usprawni\u0105 proces\u00a0<strong>windykacji\u00a0mi\u0119dzynarodowej<\/strong>\u00a0oraz nale\u017cyte funkcjonowanie\u00a0wsp\u00f3\u0142czesnej <strong>e-administracji<\/strong>.\u00a0 Konferencja,\u00a0w kt\u00f3rej brali udzia\u0142\u00a0m. in.\u00a0przedstawiciele Komisji Europejskiej,\u00a0Ministerstw,\u00a0s\u0119dziowie, adwokaci i radcowie prawni\u00a0\u00a0by\u0142a wsp\u00f3\u0142organizowana przez Instytut Logistyki i Magazynowania, Ministerstwo Administracji i Cyfryzacji oraz Ministerstwo Gospodarki.<\/p>\n<p><em>Centrum konferencyjne Legia Warszawa, Warszawa, 15.04.2015<\/em><\/p>\n<p><a href=\"http:\/\/www.gz.legal\/wp-content\/uploads\/2014\/10\/Andrzej-\u017burawski.jpg\" target=\"_blank\"><img loading=\"lazy\" decoding=\"async\" class=\"  wp-image-6236 alignleft\" src=\"http:\/\/www.gz.legal\/wp-content\/uploads\/2014\/10\/Andrzej-\u017burawski.jpg\" alt=\"Andrzej \u017burawski\" width=\"452\" height=\"301\" \/><\/a><a href=\"http:\/\/www.handelzagranica.pl\/wp-content\/uploads\/2015\/03\/Andrzej-\u017burawski.jpg\" target=\"_blank\"><br \/>\n<\/a><\/p>\n<br \/>\n<br \/>\n<br \/>\n<br \/>\n<br \/>\n<br \/>\n<br \/>\n<hr \/>\n<p><strong>Szkolenie dla radc\u00f3w prawnych\u00a0z zakresu mi\u0119dzynarodowych post\u0119powa\u0144 s\u0105dowych, 10<\/strong><b>.04.2015r.<\/b><\/p>\n<p style=\"text-align: justify;\">Nasza kancelaria (na zdj\u0119ciu adwokat Andrzej \u017burawski) przeprowadzi\u0142a szkolenie dla \u00a0radc\u00f3w prawnych zrzeszonych w Okr\u0119gowej Izbie Radc\u00f3w Prawnych\u00a0w Poznaniu na\u00a0temat\u00a0 mi\u0119dzynarodowych post\u0119powa\u0144 s\u0105dowych.<\/p>\n<p><em>Instytut Logistyki I Magazynowania, Pozna\u0144, 10.04.2015r.<\/em><\/p>\n<p><a href=\"http:\/\/www.gz.legal\/wp-content\/uploads\/2014\/10\/windykacja_zagraniczna_andrzej_\u017curawski_10.04.2015.jpg\"><img loading=\"lazy\" decoding=\"async\" class=\"  wp-image-6226 alignleft\" src=\"http:\/\/www.gz.legal\/wp-content\/uploads\/2014\/10\/windykacja_zagraniczna_andrzej_\u017curawski_10.04.2015.jpg\" alt=\"windykacja_zagraniczna_andrzej_\u017curawski_10.04.2015\" width=\"460\" height=\"276\" \/><\/a><\/p>\n<br \/>\n<br \/>\n<br \/>\n<br \/>\n<br \/>\n<br \/>\n<br \/>\n<hr \/>\n<p><strong>Szkolenie dla radc\u00f3w prawnych\u00a0z zakresu mi\u0119dzynarodowych post\u0119powa\u0144 s\u0105dowych,\u00a030<\/strong><b>.03.2015r.<\/b><\/p>\n<p style=\"text-align: justify;\">Nasza kancelaria (na zdj\u0119ciu adwokat Andrzej \u017burawski) przeprowadzi\u0142a szkolenie dla \u00a0radc\u00f3w prawnych zrzeszonych w Okr\u0119gowej Izbie Radc\u00f3w Prawnych\u00a0w Poznaniu na\u00a0temat\u00a0 mi\u0119dzynarodowych post\u0119powa\u0144 s\u0105dowych.<\/p>\n<p><em>Instytut Logistyki I Magazynowania, Pozna\u0144, 30.03.2015r.<\/em><\/p>\n<p><a href=\"http:\/\/www.gz.legal\/wp-content\/uploads\/2014\/10\/20150320_174729.jpg\"><img loading=\"lazy\" decoding=\"async\" class=\"  wp-image-6214 alignleft\" src=\"http:\/\/www.gz.legal\/wp-content\/uploads\/2014\/10\/20150320_174729.jpg\" alt=\"20150320_174729\" width=\"467\" height=\"280\" \/><\/a><\/p>\n<br \/>\n<br \/>\n<br \/>\n<br \/>\n<br \/>\n<br \/>\n<br \/>\n<br \/>\n<hr \/>\n<br \/>\n<p><strong>Szkolenie z zakresu transgranicznej windykacji s\u0105dowej i pozas\u0105dowej,\u00a024<\/strong><b>.02.2015r.<\/b><\/p>\n<p style=\"text-align: justify;\">Nasza kancelaria (na zdj\u0119ciu adwokat Andrzej \u017burawski) przeprowadzi\u0142a szkolenie dla przedsi\u0119biorc\u00f3w na temat s\u0105dowej i pozas\u0105dowej windykacji nale\u017cno\u015bci wynikaj\u0105cych z transakcji o charakterze transgranicznym na warsztatach organizowanych przez Instytut Logistyki i Magazynowania w Poznaniu we wsp\u00f3\u0142pracy z\u00a0Organizacj\u0105 Pracodawc\u00f3w Ziemi Lubuskiej.<\/p>\n<p><em>Organizacja Pracodawc\u00f3w Ziemi Lubuskiej,\u00a0Zielona G\u00f3ra 09.03.2015r.<\/em><\/p>\n<p><img loading=\"lazy\" decoding=\"async\" class=\"wp-image-6206 alignleft\" src=\"http:\/\/www.gz.legal\/wp-content\/uploads\/2014\/10\/010.jpg\" alt=\"010\" width=\"464\" height=\"278\" \/><\/p>\n<br \/>\n<br \/>\n<br \/>\n<br \/>\n<br \/>\n<br \/>\n<br \/>\n<hr \/>\n<p><strong>Partner kancelarii sta\u0142ym arbitrem S\u0105du Arbitra\u017cowego, 29.12.2014<\/strong><\/p>\n<p style=\"text-align: justify;\">Postanowieniem z dnia 29 grudnia 2014r. adwokat Andrzej \u017burawski zosta\u0142 wpisany\u00a0na list\u0119 sta\u0142ych arbitr\u00f3w S\u0105du Arbitra\u017cowego przy Polskiej Izbie Gospodarczej Importer\u00f3w, Eksporter\u00f3w i Kooperacji w Poznaniu.<\/p>\n<hr \/>\n<p><b>Warsztaty z zakresu\u00a0transgranicznych\u00a0post\u0119powa\u0144 s\u0105dowych,\u00a0<\/b><b>27<\/b><b>.11.2014r.<\/b><\/p>\n<p align=\"JUSTIFY\">Nasza kancelaria (na zdj\u0119ciu adwokat Andrzej \u017burawski) przeprowadzi\u0142a zaj\u0119cia dla przedsi\u0119biorc\u00f3w z zakresu praktycznych aspekt\u00f3w mi\u0119dzynarodowych post\u0119powa\u0144 s\u0105dowych oraz okre\u015blania jurysdykcji s\u0105dowej w sporach mi\u0119dzynarodowych w ramach warsztat\u00f3w\u00a0organizowanych przez Instytut Logistyki i Magazynowania w Poznaniu we wsp\u00f3\u0142pracy z \u00a0Wielkopolsk\u0105 Izb\u0105 Przemys\u0142owo-Handlow\u0105.<\/p>\n<p align=\"JUSTIFY\"><em>Wielkopolska Izba Przemys\u0142owo-Handlowa, Pozna\u0144 05.11.2014r.<\/em><\/p>\n<p><a href=\"http:\/\/www.gz.legal\/wp-content\/uploads\/2014\/10\/20141127_104103.jpg\"><img loading=\"lazy\" decoding=\"async\" class=\"wp-image-6167 alignleft\" src=\"http:\/\/www.gz.legal\/wp-content\/uploads\/2014\/10\/20141127_104103.jpg\" alt=\"20141127_104103\" width=\"458\" height=\"274\" \/><\/a><\/p>\n<br \/>\n<hr \/>\n<p><b>Szkolenie z zakresu transgranicznej windykacji s\u0105dowej i pozas\u0105dowej,\u00a0<\/b><b>05.11.2014r.<\/b><\/p>\n<p align=\"JUSTIFY\">Nasza kancelaria (na zdj\u0119ciu adwokat Andrzej \u017burawski) przeprowadzi\u0142a szkolenie dla przedsi\u0119biorc\u00f3w na temat s\u0105dowej i pozas\u0105dowej windykacji nale\u017cno\u015bci wynikaj\u0105cych z transakcji o charakterze transgranicznym na warsztatach organizowanych przez Instytut Logistyki i Magazynowania w Poznaniu we wsp\u00f3\u0142pracy z Polsk\u0105 Izb\u0105 Gospodarcz\u0105 Importer\u00f3w Eksporter\u00f3w i Kooperacji z siedzib\u0105 w Poznaniu.<\/p>\n<p><em>Instytut Logistyki I Magazynowania, Pozna\u0144 05.11.2014r.<\/em><\/p>\n<p><img loading=\"lazy\" decoding=\"async\" class=\"wp-image-6140 alignleft\" src=\"http:\/\/www.gz.legal\/wp-content\/uploads\/2014\/10\/wydarzessnia-2.jpg\" alt=\"wydarzessnia-2\" width=\"450\" height=\"270\" srcset=\"http:\/\/www.gz.legal\/po\/wp-content\/uploads\/2014\/10\/wydarzessnia-2.jpg 1263w, http:\/\/www.gz.legal\/po\/wp-content\/uploads\/2014\/10\/wydarzessnia-2-300x180.jpg 300w, http:\/\/www.gz.legal\/po\/wp-content\/uploads\/2014\/10\/wydarzessnia-2-1024x614.jpg 1024w, http:\/\/www.gz.legal\/po\/wp-content\/uploads\/2014\/10\/wydarzessnia-2-710x426.jpg 710w, http:\/\/www.gz.legal\/po\/wp-content\/uploads\/2014\/10\/wydarzessnia-2-1040x624.jpg 1040w\" sizes=\"auto, (max-width: 450px) 100vw, 450px\" \/><\/p>\n<br \/>\n<br \/>\n<hr \/>\n<p><b>Szkolenie w ramach konferencji Polsko \u2013 Francuskiej, 11.06.2014r.<\/b><\/p>\n<p align=\"JUSTIFY\">Nasza kancelaria (na zdj\u0119ciu adwokat Andrzej \u017burawski) przeprowadzi\u0142a szkolenie dla przedsi\u0119biorc\u00f3w nt. &#8222;Uzyskiwanie ENZ i ETE przed s\u0105dami polskimi \u2013 istotne elementy wniosk\u00f3w, procedura wydawania, najcz\u0119stsze problemy&#8221; w ramach konferencji \u201eRynek rolno spo\u017cywczy we Francji \u2013 szanse i utrudnienia\u201d organizowana przez L\u2019HEXAGONE Agencj\u0119 Rozwoju Wsp\u00f3\u0142pracy Polsko \u2013 Francuskiej pod patronatem Prezesa Agencji Rynku Rolnego.<\/p>\n<p><em>Hotel Qubus Prestige, Katowice 11.06.2014r<\/em><\/p>\n<p><img loading=\"lazy\" decoding=\"async\" class=\"wp-image-6136 alignleft\" src=\"http:\/\/www.gz.legal\/wp-content\/uploads\/2014\/10\/wydarzenia-2.jpg\" alt=\"wydarzenia-2\" width=\"450\" height=\"300\" srcset=\"http:\/\/www.gz.legal\/po\/wp-content\/uploads\/2014\/10\/wydarzenia-2.jpg 800w, http:\/\/www.gz.legal\/po\/wp-content\/uploads\/2014\/10\/wydarzenia-2-300x199.jpg 300w, http:\/\/www.gz.legal\/po\/wp-content\/uploads\/2014\/10\/wydarzenia-2-710x473.jpg 710w\" sizes=\"auto, (max-width: 450px) 100vw, 450px\" \/><\/p>\n<p><strong>I Kongres portalu\u00a0Forum Hurtowe &#8211; 24.09.2015\u00a0<\/strong><\/p>\n<p style=\"text-align: justify;\">W dniu 24.09.2015 uczestniczy\u0142em w kongresie na temat <strong>handlu\u00a0zagranicznego<\/strong> i prezentowa\u0142em instrumenty pozwalaj\u0105ce na zwi\u0119kszenie bezpiecze\u0144stwa w transakcjach mi\u0119dzynarodowych\u00a0oraz przybli\u017cy\u0142em uczestnikom\u00a0instytucje europejskie usprawniaj\u0105ce windykacj\u0119 zagraniczn\u0105.<\/p>\n","protected":false},"excerpt":{"rendered":"<p>Konferencja firm transportowych \u2013 Transport Manager Meeting Kolejna konferencja z cyklu\u00a0Transport Manager Meeting odby\u0142a si\u0119 Poznaniu. Mec. Andrzej \u017burawski razem z mec. Lucyn\u0105 \u0141uczak Noworolnik z Pozna\u0144skiego Instytutu Logistyki i Magazynowania\u00a0omawiali prawne aspekty\u00a0windykacji mi\u0119dzynarodowej oraz najnowsze, elektroniczne metody pozwalaj\u0105ce na dochodzenie nale\u017cno\u015bci od d\u0142u\u017cnik\u00f3w za granic\u0105. Novotel Hotel, Pozna\u0144, 22.10.2015 Szkolenie dla radc\u00f3w prawnych\u00a0z zakresu&#8230;<\/p>\n","protected":false},"author":1,"featured_media":0,"parent":0,"menu_order":0,"comment_status":"closed","ping_status":"closed","template":"","meta":{"footnotes":""},"class_list":["post-6069","page","type-page","status-publish","hentry"],"_links":{"self":[{"href":"http:\/\/www.gz.legal\/po\/wp-json\/wp\/v2\/pages\/6069","targetHints":{"allow":["GET"]}}],"collection":[{"href":"http:\/\/www.gz.legal\/po\/wp-json\/wp\/v2\/pages"}],"about":[{"href":"http:\/\/www.gz.legal\/po\/wp-json\/wp\/v2\/types\/page"}],"author":[{"embeddable":true,"href":"http:\/\/www.gz.legal\/po\/wp-json\/wp\/v2\/users\/1"}],"replies":[{"embeddable":true,"href":"http:\/\/www.gz.legal\/po\/wp-json\/wp\/v2\/comments?post=6069"}],"version-history":[{"count":2,"href":"http:\/\/www.gz.legal\/po\/wp-json\/wp\/v2\/pages\/6069\/revisions"}],"predecessor-version":[{"id":6267,"href":"http:\/\/www.gz.legal\/po\/wp-json\/wp\/v2\/pages\/6069\/revisions\/6267"}],"wp:attachment":[{"href":"http:\/\/www.gz.legal\/po\/wp-json\/wp\/v2\/media?parent=6069"}],"curies":[{"name":"wp","href":"https:\/\/api.w.org\/{rel}","templated":true}]}}