{"id":5908,"date":"2014-10-10T00:17:57","date_gmt":"2014-10-09T22:17:57","guid":{"rendered":"http:\/\/www.dgzlegal.pl\/dgz\/?page_id=5908"},"modified":"2016-12-29T14:44:39","modified_gmt":"2016-12-29T13:44:39","slug":"pro-bono","status":"publish","type":"page","link":"http:\/\/www.gz.legal\/po\/pro-bono\/","title":{"rendered":"Pro bono"},"content":{"rendered":"<p align=\"justify\">A Sociedade de Advogados Grochowski \u017burawski Sp.p. oferece ajuda profissional gratuita e volunt\u00e1ria prestada em defesa do interesse p\u00fablico \u00e0s pessoas que se encontram em situa\u00e7\u00e3o financeira dif\u00edcil. Os advogados da Sociedade DG\u017b participam regularmente em Dias de Assist\u00eancia Jur\u00eddica Gratuita organizados pela C\u00e2mara de Advogados.<\/p>\n<p>Os advogados da Sociedade G\u017b prestam tamb\u00e9m outros servi\u00e7os pro bono, participando por exemplo na Semana de Ajuda \u00e0s V\u00edtimas de Viol\u00eancia durante a qual oferecem apoio jur\u00eddico gratuito.<\/p>\n","protected":false},"excerpt":{"rendered":"<p>A Sociedade de Advogados Grochowski \u017burawski Sp.p. oferece ajuda profissional gratuita e volunt\u00e1ria prestada em defesa do interesse p\u00fablico \u00e0s pessoas que se encontram em situa\u00e7\u00e3o financeira dif\u00edcil. Os advogados da Sociedade DG\u017b participam regularmente em Dias de Assist\u00eancia Jur\u00eddica Gratuita organizados pela C\u00e2mara de Advogados. Os advogados da Sociedade G\u017b prestam tamb\u00e9m outros servi\u00e7os&#8230;<\/p>\n","protected":false},"author":1,"featured_media":0,"parent":0,"menu_order":0,"comment_status":"closed","ping_status":"closed","template":"","meta":{"footnotes":""},"class_list":["post-5908","page","type-page","status-publish","hentry"],"_links":{"self":[{"href":"http:\/\/www.gz.legal\/po\/wp-json\/wp\/v2\/pages\/5908","targetHints":{"allow":["GET"]}}],"collection":[{"href":"http:\/\/www.gz.legal\/po\/wp-json\/wp\/v2\/pages"}],"about":[{"href":"http:\/\/www.gz.legal\/po\/wp-json\/wp\/v2\/types\/page"}],"author":[{"embeddable":true,"href":"http:\/\/www.gz.legal\/po\/wp-json\/wp\/v2\/users\/1"}],"replies":[{"embeddable":true,"href":"http:\/\/www.gz.legal\/po\/wp-json\/wp\/v2\/comments?post=5908"}],"version-history":[{"count":3,"href":"http:\/\/www.gz.legal\/po\/wp-json\/wp\/v2\/pages\/5908\/revisions"}],"predecessor-version":[{"id":6278,"href":"http:\/\/www.gz.legal\/po\/wp-json\/wp\/v2\/pages\/5908\/revisions\/6278"}],"wp:attachment":[{"href":"http:\/\/www.gz.legal\/po\/wp-json\/wp\/v2\/media?parent=5908"}],"curies":[{"name":"wp","href":"https:\/\/api.w.org\/{rel}","templated":true}]}}