{"id":5882,"date":"2014-10-09T17:10:21","date_gmt":"2014-10-09T15:10:21","guid":{"rendered":"http:\/\/www.dgzlegal.pl\/dgz\/?page_id=5882"},"modified":"2015-11-13T09:22:54","modified_gmt":"2015-11-13T08:22:54","slug":"direito-imobiliario","status":"publish","type":"page","link":"http:\/\/www.gz.legal\/po\/direito-imobiliario\/","title":{"rendered":"Direito imobili\u00e1rio"},"content":{"rendered":"<p><strong>DIREITO IMOBILI\u00c1RIO<\/strong><\/p>\n<ul>\n<li>identifica\u00e7\u00e3o e regula\u00e7\u00e3o da situa\u00e7\u00e3o jur\u00eddica de bens im\u00f3veis;<\/li>\n<li>assessoria jur\u00eddica em comercializa\u00e7\u00e3o de bens im\u00f3veis, prepara\u00e7\u00e3o de projetos de contratos de compra\/venda de bens im\u00f3veis, participa\u00e7\u00e3o em negocia\u00e7\u00f5es e ajuda no processo de celebra\u00e7\u00e3o de contratos;<\/li>\n<li>servi\u00e7os jur\u00eddicos relacionados com a prepara\u00e7\u00e3o de contratos de aluguer (de espa\u00e7os comerciais e de apartamentos), arrendamento e gest\u00e3o e de outros contratos em que se estabelecem encargos sobre os bens im\u00f3veis pagos aos terceiros;<\/li>\n<li>ajuda jur\u00eddica em realiza\u00e7\u00e3o de projetos de constru\u00e7\u00e3o (recolha de documenta\u00e7\u00e3o necess\u00e1ria para obter permisso de constru\u00e7\u00e3o e decis\u00f5es administrativas sobre as condi\u00e7\u00f5es da constru\u00e7\u00e3o ou a utiliza\u00e7\u00e3o dos solos);<\/li>\n<li>assessoria jur\u00eddica e representa\u00e7\u00e3o em procedimentos administrativos relacionados com a compra\/venda de bens im\u00f3veis; apoio para obter permisso de aquisi\u00e7\u00e3o de bens im\u00f3veis por uma pessoa estrangeira;<\/li>\n<li>procedimentos administrativos e judiciais em lit\u00edgios relacionados com bens im\u00f3veis.<\/li>\n<\/ul>\n","protected":false},"excerpt":{"rendered":"<p>DIREITO IMOBILI\u00c1RIO identifica\u00e7\u00e3o e regula\u00e7\u00e3o da situa\u00e7\u00e3o jur\u00eddica de bens im\u00f3veis; assessoria jur\u00eddica em comercializa\u00e7\u00e3o de bens im\u00f3veis, prepara\u00e7\u00e3o de projetos de contratos de compra\/venda de bens im\u00f3veis, participa\u00e7\u00e3o em negocia\u00e7\u00f5es e ajuda no processo de celebra\u00e7\u00e3o de contratos; servi\u00e7os jur\u00eddicos relacionados com a prepara\u00e7\u00e3o de contratos de aluguer (de espa\u00e7os comerciais e de apartamentos),&#8230;<\/p>\n","protected":false},"author":1,"featured_media":0,"parent":0,"menu_order":0,"comment_status":"closed","ping_status":"closed","template":"","meta":{"footnotes":""},"class_list":["post-5882","page","type-page","status-publish","hentry"],"_links":{"self":[{"href":"http:\/\/www.gz.legal\/po\/wp-json\/wp\/v2\/pages\/5882","targetHints":{"allow":["GET"]}}],"collection":[{"href":"http:\/\/www.gz.legal\/po\/wp-json\/wp\/v2\/pages"}],"about":[{"href":"http:\/\/www.gz.legal\/po\/wp-json\/wp\/v2\/types\/page"}],"author":[{"embeddable":true,"href":"http:\/\/www.gz.legal\/po\/wp-json\/wp\/v2\/users\/1"}],"replies":[{"embeddable":true,"href":"http:\/\/www.gz.legal\/po\/wp-json\/wp\/v2\/comments?post=5882"}],"version-history":[{"count":2,"href":"http:\/\/www.gz.legal\/po\/wp-json\/wp\/v2\/pages\/5882\/revisions"}],"predecessor-version":[{"id":6237,"href":"http:\/\/www.gz.legal\/po\/wp-json\/wp\/v2\/pages\/5882\/revisions\/6237"}],"wp:attachment":[{"href":"http:\/\/www.gz.legal\/po\/wp-json\/wp\/v2\/media?parent=5882"}],"curies":[{"name":"wp","href":"https:\/\/api.w.org\/{rel}","templated":true}]}}