{"id":5844,"date":"2014-10-02T22:55:51","date_gmt":"2014-10-02T20:55:51","guid":{"rendered":"http:\/\/www.dgzlegal.pl\/dgz\/?page_id=5844"},"modified":"2017-02-07T23:02:52","modified_gmt":"2017-02-07T22:02:52","slug":"a-sociedade","status":"publish","type":"page","link":"http:\/\/www.gz.legal\/po\/a-sociedade\/","title":{"rendered":"A sociedade"},"content":{"rendered":"<div align=\"justify\">\n<p>Kancelaria Adwokacka Grochowski \u017burawski sp. p. \u015bwiadczy pomoc prawn\u0105 przedsi\u0119biorcom polskim i zagranicznym w zakresie prawa gospodarczego, prawa europejskiego oraz mi\u0119dzynarodowego prywatnego.<\/p>\n<p align=\"justify\">Kancelaria pomaga zar\u00f3wno podmiotom o ugruntowanej pozycji, kt\u00f3re poszukuj\u0105 kompleksowej pomocy prawnej w planowanych kierunkach rozwoju, jak i osobom, kt\u00f3re dopiero planuj\u0105 rozpocz\u0105\u0107 prowadzenie dzia\u0142alno\u015bci gospodarczej i potrzebuj\u0105 w\u0142a\u015bciwej formy prawnej dla swych przedsi\u0119wzi\u0119\u0107.<\/p>\n<p align=\"justify\">Podstawowe kierunki praktyki Kancelarii to doradztwo w zakresie prawa sp\u00f3\u0142ek, w tym fuzji i przej\u0119\u0107 przedsi\u0119biorstw oraz restrukturyzacji i upad\u0142o\u015bci, prawa obrotu nieruchomo\u015bciami, prawa konkurencji, prawa patentowego i prawa zam\u00f3wie\u0144 publicznych.<br \/>\n\u015awiadczona przez Kancelari\u0119 profesjonalna pomoc prawna, realizowana wy\u0142\u0105cznie przez prawnik\u00f3w \u2013 praktyk\u00f3w, obejmuje m.in.: sta\u0142\u0105 obs\u0142ug\u0119 prawn\u0105 sp\u00f3\u0142ek i przedsi\u0119biorc\u00f3w indywidualnych, doradztwo i opiniowanie prawne, sporz\u0105dzanie projekt\u00f3w um\u00f3w i innych akt\u00f3w prawnych, udzia\u0142 w negocjacjach.<\/p>\n<p align=\"justify\">Istotn\u0105 cz\u0119\u015b\u0107 praktyki Kancelarii stanowi reprezentowanie naszych Klient\u00f3w przed s\u0105dami oraz organami administracji publicznej.<br \/>\nKancelaria specjalizuje si\u0119 w obs\u0142udze prawnej obrotu gospodarczego z pa\u0144stwami europejskimi, w szczeg\u00f3lno\u015bci z W\u0142ochami, Hiszpani\u0105 i Portugali\u0105. Wsp\u00f3\u0142pracujemy z kancelariami prawnymi z kraj\u00f3w europejskich zajmuj\u0105cymi si\u0119 prawem gospodarczym i podatkowym.<br \/>\nNaszym Klientom oferujemy pomoc prawn\u0105 w zakresie prawa karnego gospodarczego i prawa karnego skarbowego.<\/p>\n<p align=\"justify\">Aby zapewni\u0107 mo\u017cliwie najszerszy zakres us\u0142ug wsp\u00f3\u0142pracujemy ze sprawdzonymi notariuszami, t\u0142umaczami przysi\u0119g\u0142ymi, doradcami podatkowymi, biurami rachunkowymi, bieg\u0142ymi rewidentami, audytorami komornikami s\u0105dowymi oraz skutecznymi kancelariami windykacyjnymi na terenie ca\u0142ej Polski oraz Unii Europejskiej.<br \/>\nW celu zapewnienia kompleksowej obs\u0142ugi prawnej \u015bci\u015ble wsp\u00f3\u0142pracujemy z uznanymi specjalistami w wybranych dziedzinach prawa.<\/p>\n<\/div>\n","protected":false},"excerpt":{"rendered":"<p>Kancelaria Adwokacka Grochowski \u017burawski sp. p. \u015bwiadczy pomoc prawn\u0105 przedsi\u0119biorcom polskim i zagranicznym w zakresie prawa gospodarczego, prawa europejskiego oraz mi\u0119dzynarodowego prywatnego. Kancelaria pomaga zar\u00f3wno podmiotom o ugruntowanej pozycji, kt\u00f3re poszukuj\u0105 kompleksowej pomocy prawnej w planowanych kierunkach rozwoju, jak i osobom, kt\u00f3re dopiero planuj\u0105 rozpocz\u0105\u0107 prowadzenie dzia\u0142alno\u015bci gospodarczej i potrzebuj\u0105 w\u0142a\u015bciwej formy prawnej dla swych&#8230;<\/p>\n","protected":false},"author":1,"featured_media":0,"parent":0,"menu_order":0,"comment_status":"open","ping_status":"open","template":"","meta":{"footnotes":""},"class_list":["post-5844","page","type-page","status-publish","hentry"],"_links":{"self":[{"href":"http:\/\/www.gz.legal\/po\/wp-json\/wp\/v2\/pages\/5844","targetHints":{"allow":["GET"]}}],"collection":[{"href":"http:\/\/www.gz.legal\/po\/wp-json\/wp\/v2\/pages"}],"about":[{"href":"http:\/\/www.gz.legal\/po\/wp-json\/wp\/v2\/types\/page"}],"author":[{"embeddable":true,"href":"http:\/\/www.gz.legal\/po\/wp-json\/wp\/v2\/users\/1"}],"replies":[{"embeddable":true,"href":"http:\/\/www.gz.legal\/po\/wp-json\/wp\/v2\/comments?post=5844"}],"version-history":[{"count":3,"href":"http:\/\/www.gz.legal\/po\/wp-json\/wp\/v2\/pages\/5844\/revisions"}],"predecessor-version":[{"id":6283,"href":"http:\/\/www.gz.legal\/po\/wp-json\/wp\/v2\/pages\/5844\/revisions\/6283"}],"wp:attachment":[{"href":"http:\/\/www.gz.legal\/po\/wp-json\/wp\/v2\/media?parent=5844"}],"curies":[{"name":"wp","href":"https:\/\/api.w.org\/{rel}","templated":true}]}}